{"id":227,"date":"2025-09-15T14:38:02","date_gmt":"2025-09-15T14:38:02","guid":{"rendered":"https:\/\/durchblick-bremerhaven.de\/?page_id=227"},"modified":"2026-01-12T10:55:36","modified_gmt":"2026-01-12T10:55:36","slug":"home-3","status":"publish","type":"page","link":"https:\/\/durchblick-bremerhaven.de\/","title":{"rendered":"Home"},"content":{"rendered":"<div id=\"cs-content\" class=\"cs-content\"><div class=\"x-section e227-e1 m6b-0 m6b-1 m6b-2 m6b-3\"><div class=\"x-row x-container max width e227-e2 m6b-a m6b-b m6b-c m6b-j m6b-k\"><div class=\"x-row-inner\"><div class=\"x-col e227-e3 m6b-r m6b-s\">\n\t\t<!-- MasterSlider -->\n\t\t<div id=\"P_MS69f9fd162c64d\" class=\"master-slider-parent ms-thumbs-template ms-parent-id-4\" style=\"\" >\n\n\t\t\t\n\t\t\t<!-- MasterSlider Main -->\n\t\t\t<div id=\"MS69f9fd162c64d\" class=\"master-slider ms-skin-default\" >\n\t\t\t\t \t\t\t\t \n\n\t\t\t<div  class=\"ms-slide\" data-delay=\"3\" data-fill-mode=\"fill\"   >\n\t\t\t\t\t<img decoding=\"async\" src=\"https:\/\/durchblick-bremerhaven.de\/wp-content\/plugins\/masterslider\/public\/assets\/css\/blank.gif\" alt=\"\" title=\"\" data-src=\"https:\/\/durchblick-bremerhaven.de\/wp-content\/uploads\/2023\/12\/slider-5-kl.jpg\" \/>\n\n\n\t\t\t\t<\/div>\n\t\t\t<div  class=\"ms-slide\" data-delay=\"3\" data-fill-mode=\"fill\"   >\n\t\t\t\t\t<img decoding=\"async\" src=\"https:\/\/durchblick-bremerhaven.de\/wp-content\/plugins\/masterslider\/public\/assets\/css\/blank.gif\" alt=\"\" title=\"04-2025-Durchblick-Gruppe-045_slider1\" data-src=\"https:\/\/durchblick-bremerhaven.de\/wp-content\/uploads\/2025\/09\/04-2025-Durchblick-Gruppe-045_slider1.jpg\" \/>\n\n\n\t\t\t\t<\/div>\n\t\t\t<div  class=\"ms-slide\" data-delay=\"3\" data-fill-mode=\"fill\"   >\n\t\t\t\t\t<img decoding=\"async\" src=\"https:\/\/durchblick-bremerhaven.de\/wp-content\/plugins\/masterslider\/public\/assets\/css\/blank.gif\" alt=\"\" title=\"\" data-src=\"https:\/\/durchblick-bremerhaven.de\/wp-content\/uploads\/2023\/12\/slider-3-kl.jpg\" \/>\n\n\n\t\t\t\t<\/div>\n\t\t\t<div  class=\"ms-slide\" data-delay=\"3\" data-fill-mode=\"fill\"   >\n\t\t\t\t\t<img decoding=\"async\" src=\"https:\/\/durchblick-bremerhaven.de\/wp-content\/plugins\/masterslider\/public\/assets\/css\/blank.gif\" alt=\"\" title=\"\" data-src=\"https:\/\/durchblick-bremerhaven.de\/wp-content\/uploads\/2023\/12\/slider-6-kl.jpg\" \/>\n\n\n\t\t\t\t<\/div>\n\n\t\t\t<\/div>\n\t\t\t<!-- END MasterSlider Main -->\n\n\t\t\t \n\t\t<\/div>\n\t\t<!-- END MasterSlider -->\n\n\t\t<script>\n\t\t( window.MSReady = window.MSReady || [] ).push( function( $ ) {\n\n\t\t\t\"use strict\";\n\t\t\tvar masterslider_c64d = new MasterSlider();\n\n\t\t\t\/\/ slider controls\n\t\t\tmasterslider_c64d.control('arrows'     ,{ autohide:true, overVideo:true  });\n\t\t\tmasterslider_c64d.control('bullets'    ,{ autohide:true, overVideo:true, dir:'h', align:'bottom', space:6 , margin:10  });\n\t\t\t\/\/ slider setup\n\t\t\tmasterslider_c64d.setup(\"MS69f9fd162c64d\", {\n\t\t\t\twidth           : 1000,\n\t\t\t\theight          : 800,\n\t\t\t\tminHeight       : 0,\n\t\t\t\tspace           : 0,\n\t\t\t\tstart           : 1,\n\t\t\t\tgrabCursor      : true,\n\t\t\t\tswipe           : true,\n\t\t\t\tmouse           : true,\n\t\t\t\tkeyboard        : false,\n\t\t\t\tlayout          : \"fullwidth\",\n\t\t\t\twheel           : false,\n\t\t\t\tautoplay        : false,\n                instantStartLayers:false,\n\t\t\t\tmobileBGVideo:false,\n\t\t\t\tloop            : true,\n\t\t\t\tshuffle         : false,\n\t\t\t\tpreload         : 3,\n\t\t\t\theightLimit     : true,\n\t\t\t\tautoHeight      : false,\n\t\t\t\tsmoothHeight    : true,\n\t\t\t\tendPause        : false,\n\t\t\t\toverPause       : true,\n\t\t\t\tfillMode        : \"fill\",\n\t\t\t\tcenterControls  : true,\n\t\t\t\tstartOnAppear   : false,\n\t\t\t\tlayersMode      : \"center\",\n\t\t\t\tautofillTarget  : \"\",\n\t\t\t\thideLayers      : false,\n\t\t\t\tfullscreenMargin: 0,\n\t\t\t\tspeed           : 17,\n\t\t\t\tdir             : \"h\",\n\t\t\t\tresponsive      : true,\n\t\t\t\ttabletWidth     : 768,\n\t\t\t\ttabletHeight    : null,\n\t\t\t\tphoneWidth      : 480,\n\t\t\t\tphoneHeight    : null,\n\t\t\t\tsizingReference : window,\n\t\t\t\tparallaxMode    : 'swipe',\n\t\t\t\tview            : \"basic\"\n\t\t\t});\n\n\t\t\t\n\t\t\twindow.masterslider_instances = window.masterslider_instances || [];\n\t\t\twindow.masterslider_instances.push( masterslider_c64d );\n\t\t});\n\t\t<\/script>\n\n<\/div><\/div><\/div><\/div><div class=\"x-section e227-e5 m6b-0 m6b-4 m6b-5\"><div class=\"x-row x-container max width e227-e6 m6b-b m6b-c m6b-d m6b-e m6b-f m6b-g m6b-l\"><div class=\"x-row-inner\"><div class=\"x-col e227-e7 m6b-r m6b-s\"><div class=\"x-text x-text-headline e227-e8 m6b-u m6b-v\"><div class=\"x-text-content\"><div class=\"x-text-content-text\"><h2 class=\"x-text-content-text-primary\">Unsere <strong>Leistungen<\/strong><\/h2>\n<\/div><\/div><\/div><\/div><\/div><\/div><div class=\"x-row e227-e9 m6b-b m6b-c m6b-d m6b-f m6b-h m6b-m\"><div class=\"x-row-inner\"><div class=\"x-col e227-e10 m6b-r m6b-s\"><div class=\"x-card is-flip-left has-not-flipped e227-e11 m6b-z m6b-8\" data-x-element-card=\"\"><div class=\"x-card-faces\"><div class=\"x-card-face is-front\"><div class=\"x-text x-text-headline has-graphic m6b-v m6b-w m6b-x\"><div class=\"x-text-content\"><span class=\"x-graphic\" aria-hidden=\"true\"><i class=\"x-icon x-graphic-child x-graphic-icon x-graphic-primary\" aria-hidden=\"true\" data-x-icon-s=\"&#xf5f5;\"><\/i><\/span><div class=\"x-text-content-text\"><h1 class=\"x-text-content-text-primary\">Brillen<\/h1>\n<\/div><\/div><\/div><\/div><div class=\"x-card-face is-back\"><div class=\"x-text x-text-headline m6b-v m6b-w m6b-y\"><div class=\"x-text-content\"><div class=\"x-text-content-text\"><h2 class=\"x-text-content-text-primary\">Entdecke die Welt mit unseren hochwertigen Brillen f\u00fcr jeden Stil und Bedarf.<\/h2>\n<\/div><\/div><\/div><a class=\"x-anchor x-anchor-button m6b-10\" tabindex=\"0\" href=\"#\"><div class=\"x-anchor-content\"><\/div><\/a><\/div><\/div><\/div><\/div><div class=\"x-col e227-e12 m6b-r m6b-s\"><div class=\"x-card is-flip-left has-not-flipped e227-e13 m6b-z m6b-8\" data-x-element-card=\"\"><div class=\"x-card-faces\"><div class=\"x-card-face is-front\"><div class=\"x-text x-text-headline has-graphic m6b-v m6b-w m6b-x\"><div class=\"x-text-content\"><span class=\"x-graphic\" aria-hidden=\"true\"><i class=\"x-icon x-graphic-child x-graphic-icon x-graphic-primary\" aria-hidden=\"true\" data-x-icon-s=\"&#xf06e;\"><\/i><\/span><div class=\"x-text-content-text\"><h1 class=\"x-text-content-text-primary\">Kontaktlinsen<\/h1>\n<\/div><\/div><\/div><\/div><div class=\"x-card-face is-back\"><div class=\"x-text x-text-headline m6b-v m6b-w m6b-y\"><div class=\"x-text-content\"><div class=\"x-text-content-text\"><h2 class=\"x-text-content-text-primary\">Klare Sicht und Komfort: Unsere Kontaktlinsen passen sich deinem Leben an.<\/h2>\n<\/div><\/div><\/div><a class=\"x-anchor x-anchor-button m6b-10\" tabindex=\"0\" href=\"#\"><div class=\"x-anchor-content\"><\/div><\/a><\/div><\/div><\/div><\/div><div class=\"x-col e227-e14 m6b-r m6b-s\"><div class=\"x-card is-flip-left has-not-flipped e227-e15 m6b-z m6b-8\" data-x-element-card=\"\"><div class=\"x-card-faces\"><div class=\"x-card-face is-front\"><div class=\"x-text x-text-headline has-graphic m6b-v m6b-w m6b-x\"><div class=\"x-text-content\"><span class=\"x-graphic\" aria-hidden=\"true\"><i class=\"x-icon x-graphic-child x-graphic-icon x-graphic-primary\" aria-hidden=\"true\" data-x-icon-s=\"&#xf3e0;\"><\/i><\/span><div class=\"x-text-content-text\"><h1 class=\"x-text-content-text-primary\">e-Passbilder<\/h1>\n<\/div><\/div><\/div><\/div><div class=\"x-card-face is-back\"><div class=\"x-text x-text-headline m6b-v m6b-w m6b-y\"><div class=\"x-text-content\"><div class=\"x-text-content-text\"><h2 class=\"x-text-content-text-primary\">Biometrische Passbilder und e-Passbilder f\u00fcr offizielle Dokumente. Bewerbungsfotos nach Deinen Vorstellungen.<\/h2>\n<\/div><\/div><\/div><a class=\"x-anchor x-anchor-button m6b-10\" tabindex=\"0\" href=\"#\"><div class=\"x-anchor-content\"><\/div><\/a><\/div><\/div><\/div><\/div><div class=\"x-col e227-e16 m6b-r m6b-s\"><div class=\"x-card is-flip-left has-not-flipped e227-e17 m6b-z m6b-8\" data-x-element-card=\"\"><div class=\"x-card-faces\"><div class=\"x-card-face is-front\"><div class=\"x-text x-text-headline has-graphic m6b-v m6b-w m6b-x\"><div class=\"x-text-content\"><span class=\"x-graphic\" aria-hidden=\"true\"><i class=\"x-icon x-graphic-child x-graphic-icon x-graphic-primary\" aria-hidden=\"true\" data-x-icon-s=\"&#xf1b9;\"><\/i><\/span><div class=\"x-text-content-text\"><h1 class=\"x-text-content-text-primary\">F\u00fchrerscheinsehtest<\/h1>\n<\/div><\/div><\/div><\/div><div class=\"x-card-face is-back\"><div class=\"x-text x-text-headline m6b-v m6b-w m6b-y\"><div class=\"x-text-content\"><div class=\"x-text-content-text\"><h2 class=\"x-text-content-text-primary\">Amtlich nerkannter F\u00fchrerscheinsehtest. Bitte g\u00fcltigen Lichtbildausweis mitbringen.<\/h2>\n<\/div><\/div><\/div><a class=\"x-anchor x-anchor-button m6b-10\" tabindex=\"0\" href=\"#\"><div class=\"x-anchor-content\"><\/div><\/a><\/div><\/div><\/div><\/div><\/div><\/div><\/div><div class=\"x-section e227-e18 m6b-0 m6b-2 m6b-3 m6b-6\"><div class=\"x-row x-container max width e227-e19 m6b-a m6b-b m6b-c m6b-j m6b-n\"><div class=\"x-row-inner\"><div class=\"x-col e227-e20 m6b-r m6b-s\"><div class=\"x-text x-text-headline e227-e21 m6b-u m6b-v\"><div class=\"x-text-content\"><div class=\"x-text-content-text\"><h2 class=\"x-text-content-text-primary\">Unser <strong>Team<\/strong><\/h2>\n<\/div><\/div><\/div>\n\t\t<!-- MasterSlider -->\n\t\t<div id=\"P_MS69f9fd1631adb\" class=\"master-slider-parent ms-staff-carousel ms-round ms-parent-id-2\" style=\"max-width:1200px;\" >\n\n\t\t\t\n\t\t\t<!-- MasterSlider Main -->\n\t\t\t<div id=\"MS69f9fd1631adb\" class=\"master-slider ms-skin-default\" >\n\t\t\t\t \t\t\t\t \n\n\t\t\t<div  class=\"ms-slide\" data-delay=\"3\" data-fill-mode=\"fill\"   >\n\t\t\t\t\t<img decoding=\"async\" src=\"https:\/\/durchblick-bremerhaven.de\/wp-content\/plugins\/masterslider\/public\/assets\/css\/blank.gif\" alt=\"\" title=\"\" data-src=\"https:\/\/durchblick-bremerhaven.de\/wp-content\/uploads\/2023\/12\/team_maren_2021_500x500.jpg\" \/>\n\n\t\t\t\t\t<div class=\"ms-info\"><h3 style=\"text-align: center;\">Maren Huckschlag<\/h3><div style=\"text-align: center;\">Augenoptikermeisterin, Funktionaloptometristin, Inhaberin<\/div><\/div>\n\n\n\t\t\t\t<\/div>\n\t\t\t<div  class=\"ms-slide\" data-delay=\"3\" data-fill-mode=\"fill\"   >\n\t\t\t\t\t<img decoding=\"async\" src=\"https:\/\/durchblick-bremerhaven.de\/wp-content\/plugins\/masterslider\/public\/assets\/css\/blank.gif\" alt=\"\" title=\"\" data-src=\"https:\/\/durchblick-bremerhaven.de\/wp-content\/uploads\/2023\/12\/Ute-rund.jpg\" \/>\n\n\t\t\t\t\t<div class=\"ms-info\"><h3 style=\"text-align: center;\">Ute Hoppe<\/h3><div style=\"text-align: center;\">Augenoptikermeisterin<\/div><\/div>\n\n\n\t\t\t\t<\/div>\n\t\t\t<div  class=\"ms-slide\" data-delay=\"3\" data-fill-mode=\"fill\"   >\n\t\t\t\t\t<img decoding=\"async\" src=\"https:\/\/durchblick-bremerhaven.de\/wp-content\/plugins\/masterslider\/public\/assets\/css\/blank.gif\" alt=\"\" title=\"04-2025-Durchblick-Mareike-010_1\" data-src=\"https:\/\/durchblick-bremerhaven.de\/wp-content\/uploads\/2025\/09\/04-2025-Durchblick-Mareike-010_1.jpg\" \/>\n\n\t\t\t\t\t<div class=\"ms-info\"><h3 style=\"text-align: center;\">Mareike Sabisch<\/h3><div style=\"text-align: center;\">Augenoptikerin<\/div><\/div>\n\n\n\t\t\t\t<\/div>\n\t\t\t<div  class=\"ms-slide\" data-delay=\"3\" data-fill-mode=\"fill\"   >\n\t\t\t\t\t<img decoding=\"async\" src=\"https:\/\/durchblick-bremerhaven.de\/wp-content\/plugins\/masterslider\/public\/assets\/css\/blank.gif\" alt=\"\" title=\"\" data-src=\"https:\/\/durchblick-bremerhaven.de\/wp-content\/uploads\/2023\/12\/team_kerstin_2021_500x500.jpg\" \/>\n\n\t\t\t\t\t<div class=\"ms-info\"><h3 style=\"text-align: center;\">Kerstin Rubin<\/h3><div style=\"text-align: center;\">Augenoptikerin<\/div><\/div>\n\n\n\t\t\t\t<\/div>\n\t\t\t<div  class=\"ms-slide\" data-delay=\"3\" data-fill-mode=\"fill\"   >\n\t\t\t\t\t<img decoding=\"async\" src=\"https:\/\/durchblick-bremerhaven.de\/wp-content\/plugins\/masterslider\/public\/assets\/css\/blank.gif\" alt=\"\" title=\"\" data-src=\"https:\/\/durchblick-bremerhaven.de\/wp-content\/uploads\/2023\/12\/nantje-2022.jpg\" \/>\n\n\t\t\t\t\t<div class=\"ms-info\"><h3 style=\"text-align: center;\">Nantje Hoops<\/h3><div style=\"text-align: center;\">Augenoptikerin<\/div><\/div>\n\n\n\t\t\t\t<\/div>\n\t\t\t<div  class=\"ms-slide\" data-delay=\"3\" data-fill-mode=\"fill\"   >\n\t\t\t\t\t<img decoding=\"async\" src=\"https:\/\/durchblick-bremerhaven.de\/wp-content\/plugins\/masterslider\/public\/assets\/css\/blank.gif\" alt=\"\" title=\"\" data-src=\"https:\/\/durchblick-bremerhaven.de\/wp-content\/uploads\/2023\/12\/team_daniela_2021_500x500.jpg\" \/>\n\n\t\t\t\t\t<div class=\"ms-info\"><h3 style=\"text-align: center;\">Daniela Albohm<\/h3><div style=\"text-align: center;\">Augenoptikerin<\/div><\/div>\n\n\n\t\t\t\t<\/div>\n\n\t\t\t<\/div>\n\t\t\t<!-- END MasterSlider Main -->\n\n\t\t\t \n\t\t<\/div>\n\t\t<!-- END MasterSlider -->\n\n\t\t<script>\n\t\t( window.MSReady = window.MSReady || [] ).push( function( $ ) {\n\n\t\t\t\"use strict\";\n\t\t\tvar masterslider_1adb = new MasterSlider();\n\n\t\t\t\/\/ slider controls\n\t\t\tmasterslider_1adb.control('arrows'     ,{ autohide:true, overVideo:true  });\n\t\t\tmasterslider_1adb.control('slideinfo'  ,{ autohide:false, overVideo:true, dir:'h', align:'bottom',inset:false , margin:10   });\n\t\t\t\/\/ slider setup\n\t\t\tmasterslider_1adb.setup(\"MS69f9fd1631adb\", {\n\t\t\t\twidth           : 350,\n\t\t\t\theight          : 350,\n\t\t\t\tminHeight       : 0,\n\t\t\t\tspace           : 35,\n\t\t\t\tstart           : 1,\n\t\t\t\tgrabCursor      : true,\n\t\t\t\tswipe           : true,\n\t\t\t\tmouse           : true,\n\t\t\t\tkeyboard        : false,\n\t\t\t\tlayout          : \"partialview\",\n\t\t\t\twheel           : false,\n\t\t\t\tautoplay        : false,\n                instantStartLayers:false,\n\t\t\t\tmobileBGVideo:false,\n\t\t\t\tloop            : true,\n\t\t\t\tshuffle         : false,\n\t\t\t\tpreload         : 4,\n\t\t\t\theightLimit     : true,\n\t\t\t\tautoHeight      : false,\n\t\t\t\tsmoothHeight    : true,\n\t\t\t\tendPause        : false,\n\t\t\t\toverPause       : true,\n\t\t\t\tfillMode        : \"fill\",\n\t\t\t\tcenterControls  : true,\n\t\t\t\tstartOnAppear   : false,\n\t\t\t\tlayersMode      : \"center\",\n\t\t\t\tautofillTarget  : \"\",\n\t\t\t\thideLayers      : false,\n\t\t\t\tfullscreenMargin: 0,\n\t\t\t\tspeed           : 20,\n\t\t\t\tdir             : \"h\",\n\t\t\t\tresponsive      : true,\n\t\t\t\ttabletWidth     : 768,\n\t\t\t\ttabletHeight    : null,\n\t\t\t\tphoneWidth      : 480,\n\t\t\t\tphoneHeight    : null,\n\t\t\t\tsizingReference : window,\nviewOption      : { centerSpace:1.6 },\n\t\t\t\tparallaxMode    : 'swipe',\n\t\t\t\tview            : \"focus\"\n\t\t\t});\n\n\t\t\t\n\t\t\twindow.masterslider_instances = window.masterslider_instances || [];\n\t\t\twindow.masterslider_instances.push( masterslider_1adb );\n\t\t});\n\t\t<\/script>\n\n<\/div><\/div><\/div><\/div><div class=\"x-section e227-e23 m6b-0 m6b-2 m6b-5 m6b-7\"><div class=\"x-bg\" aria-hidden=\"true\"><div class=\"x-bg-layer-lower-image\" data-x-element-bg-layer=\"{&quot;parallaxSize&quot;:&quot;150%&quot;,&quot;parallaxDir&quot;:&quot;v&quot;,&quot;parallaxRev&quot;:false}\"><\/div><\/div><div class=\"x-row e227-e24 m6b-b m6b-d m6b-e m6b-i m6b-o m6b-9\"><div class=\"x-row-inner\"><div class=\"x-col e227-e25 m6b-r m6b-t\"><div class=\"x-text x-text-headline e227-e26 m6b-u m6b-v\"><div class=\"x-text-content\"><div class=\"x-text-content-text\"><h4 class=\"x-text-content-text-primary\">Unsere <strong>\u00d6ffnungszeiten<\/strong><\/h4>\n<\/div><\/div><\/div><div class=\"x-text x-content e227-e27 m6b-11 m6b-12\"><p>Mo - Fr: 09:00 - 18:00 Uhr<\/p>\n<p>Sa: 09:00- 13:00 Uhr<\/p>\n<p>und nach telefonische Vereinbarung<\/p><\/div><\/div><\/div><\/div><\/div><div class=\"x-section e227-e28 m6b-0 m6b-1 m6b-2 m6b-3\"><div class=\"x-row e227-e29 m6b-a m6b-b m6b-c m6b-j m6b-p\"><div class=\"x-row-inner\"><div class=\"x-col e227-e30 m6b-r m6b-s\"><div class=\"x-frame x-frame-map-embed e227-e31 m6b-14\"><div class=\"x-frame-inner\"><div class=\"x-map x-map-embed\"><iframe src=\"https:\/\/www.google.com\/maps\/embed?pb=!1m18!1m12!1m3!1d2372.882979310276!2d8.595345277457561!3d53.50628577233617!2m3!1f0!2f0!3f0!3m2!1i1024!2i768!4f13.1!3m3!1m2!1s0x47b6b6b033a6ca51%3A0xd18d01b6af9c235c!2sDurchblick!5e0!3m2!1sde!2sde!4v1702840326853!5m2!1sde!2sde\" width=\"600\" height=\"450\" style=\"border:0;\" allowfullscreen=\"\" loading=\"lazy\" referrerpolicy=\"no-referrer-when-downgrade\"><\/iframe><\/div><\/div><\/div><\/div><\/div><\/div><\/div><div class=\"x-section e227-e32 m6b-0 m6b-2 m6b-3 m6b-6\"><div class=\"x-row x-container max width e227-e33 m6b-a m6b-b m6b-c m6b-j m6b-q\"><div class=\"x-row-inner\"><div class=\"x-col e227-e34 m6b-r m6b-s\"><div class=\"x-text x-content e227-e35 m6b-12 m6b-13\"><p><strong>Durchblick Maren Huckschlag e.K.<\/strong><br \/>\nWeserstra\u00dfe 90 - 94<br \/>\n27572 Bremerhaven<\/p>\n<p>+49 471 76960<br \/>\ninfo@durchblick-bremerhaven.de<\/p><\/div><\/div><\/div><\/div><\/div><\/div>\n","protected":false},"excerpt":{"rendered":"<p>Unsere Leistungen Brillen Entdecke die Welt mit unseren hochwertigen Brillen f\u00fcr jeden Stil und Bedarf. Kontaktlinsen Klare Sicht und Komfort: Unsere Kontaktlinsen passen sich deinem Leben an. e-Passbilder Biometrische Passbilder und e-Passbilder f\u00fcr offizielle Dokumente. Bewerbungsfotos nach Deinen Vorstellungen. F\u00fchrerscheinsehtest Amtlich nerkannter F\u00fchrerscheinsehtest. Bitte g\u00fcltigen Lichtbildausweis mitbringen. Unser Team Maren HuckschlagAugenoptikermeisterin, Funktionaloptometristin, Inhaberin Ute HoppeAugenoptikermeisterin Mareike SabischAugenoptikerin Kerstin RubinAugenoptikerin Nantje &#8230; <\/p>\n<div><a href=\"https:\/\/durchblick-bremerhaven.de\/\" class=\"more-link\">Read More<\/a><\/div>\n","protected":false},"author":1,"featured_media":0,"parent":0,"menu_order":0,"comment_status":"closed","ping_status":"closed","template":"template-blank-4.php","meta":{"footnotes":""},"class_list":["post-227","page","type-page","status-publish","hentry","no-post-thumbnail"],"_links":{"self":[{"href":"https:\/\/durchblick-bremerhaven.de\/index.php?rest_route=\/wp\/v2\/pages\/227","targetHints":{"allow":["GET"]}}],"collection":[{"href":"https:\/\/durchblick-bremerhaven.de\/index.php?rest_route=\/wp\/v2\/pages"}],"about":[{"href":"https:\/\/durchblick-bremerhaven.de\/index.php?rest_route=\/wp\/v2\/types\/page"}],"author":[{"embeddable":true,"href":"https:\/\/durchblick-bremerhaven.de\/index.php?rest_route=\/wp\/v2\/users\/1"}],"replies":[{"embeddable":true,"href":"https:\/\/durchblick-bremerhaven.de\/index.php?rest_route=%2Fwp%2Fv2%2Fcomments&post=227"}],"version-history":[{"count":19,"href":"https:\/\/durchblick-bremerhaven.de\/index.php?rest_route=\/wp\/v2\/pages\/227\/revisions"}],"predecessor-version":[{"id":282,"href":"https:\/\/durchblick-bremerhaven.de\/index.php?rest_route=\/wp\/v2\/pages\/227\/revisions\/282"}],"wp:attachment":[{"href":"https:\/\/durchblick-bremerhaven.de\/index.php?rest_route=%2Fwp%2Fv2%2Fmedia&parent=227"}],"curies":[{"name":"wp","href":"https:\/\/api.w.org\/{rel}","templated":true}]}}